{"id":288,"date":"2024-07-22T12:06:42","date_gmt":"2024-07-22T10:06:42","guid":{"rendered":"https:\/\/bonjourlapoterie.com\/?page_id=288"},"modified":"2025-02-04T18:59:41","modified_gmt":"2025-02-04T17:59:41","slug":"faq","status":"publish","type":"page","link":"https:\/\/bonjourlapoterie.com\/index.php\/faq\/","title":{"rendered":"FAQ"},"content":{"rendered":"\t\t<div data-elementor-type=\"wp-page\" data-elementor-id=\"288\" class=\"elementor elementor-288\" data-elementor-post-type=\"page\">\n\t\t\t\t\t\t<section class=\"elementor-section elementor-top-section elementor-element elementor-element-4905420d elementor-section-boxed elementor-section-height-default elementor-section-height-default\" data-id=\"4905420d\" data-element_type=\"section\">\n\t\t\t\t\t\t<div class=\"elementor-container elementor-column-gap-default\">\n\t\t\t\t\t<div class=\"elementor-column elementor-col-50 elementor-top-column elementor-element elementor-element-6003e8fd elementor-hidden-mobile\" data-id=\"6003e8fd\" data-element_type=\"column\">\n\t\t\t<div class=\"elementor-widget-wrap\">\n\t\t\t\t\t\t\t<\/div>\n\t\t<\/div>\n\t\t\t\t<div class=\"elementor-column elementor-col-50 elementor-top-column elementor-element elementor-element-23fcd87e\" data-id=\"23fcd87e\" data-element_type=\"column\" data-settings=\"{&quot;background_background&quot;:&quot;classic&quot;}\">\n\t\t\t<div class=\"elementor-widget-wrap elementor-element-populated\">\n\t\t\t\t\t\t<div class=\"elementor-element elementor-element-10ad1b9 elementor-widget elementor-widget-heading\" data-id=\"10ad1b9\" data-element_type=\"widget\" data-widget_type=\"heading.default\">\n\t\t\t\t<div class=\"elementor-widget-container\">\n\t\t\t\t\t<h1 class=\"elementor-heading-title elementor-size-default\">Foire aux questions (F.A.Q)<\/h1>\t\t\t\t<\/div>\n\t\t\t\t<\/div>\n\t\t\t\t<div class=\"elementor-element elementor-element-170bfbc2 elementor-widget elementor-widget-elementskit-faq\" data-id=\"170bfbc2\" data-element_type=\"widget\" data-widget_type=\"elementskit-faq.default\">\n\t\t\t\t<div class=\"elementor-widget-container\">\n\t\t\t\t\t<div class=\"ekit-wid-con\" >\n                <div class=\"elementskit-single-faq elementor-repeater-item-3be92ad\">\n            <div class=\"elementskit-faq-header\">\n                <h2 class=\"elementskit-faq-title\">Les poteries, peuvent-elles passer au lave-vaisselle et aux micro-ondes\u00a0?<\/h2>\n            <\/div>\n            <div class=\"elementskit-faq-body\">\n                - Oui\u00a0! Elles sont parfaites pour un usage alimentaire et peuvent passer au micro-ondes et lave-vaisselle. Cependant, une pi\u00e8ce artisanal appr\u00e9ciera d\u2019\u00eatre lav\u00e9e \u00e0 la main pour une durabilit\u00e9 optimale.            <\/div>\n        <\/div>\n                <div class=\"elementskit-single-faq elementor-repeater-item-4344b45\">\n            <div class=\"elementskit-faq-header\">\n                <h2 class=\"elementskit-faq-title\">Tes pi\u00e8ces sont uniques\u00a0?<\/h2>\n            <\/div>\n            <div class=\"elementskit-faq-body\">\n                - Oui, chacune de mes pi\u00e8ces sont uniques, elles peuvent aussi \u00eatre en collection ou en s\u00e9rie fa\u00e7onn\u00e9es avec soin une \u00e0 une \u00e0 la main. Je fais aussi des commandes personnalis\u00e9es apr\u00e8s validation du projet ensemble.            <\/div>\n        <\/div>\n                <div class=\"elementskit-single-faq elementor-repeater-item-aeac9ba\">\n            <div class=\"elementskit-faq-header\">\n                <h2 class=\"elementskit-faq-title\">Commandes personnalis\u00e9es\u00a0?<\/h2>\n            <\/div>\n            <div class=\"elementskit-faq-body\">\n                Par exemple\u00a0:\n<br>\n- Sur un mod\u00e8le d\u00e9j\u00e0 existant, mais avec un pr\u00e9nom, une phrase, une couleur en plus.\n<br>\n- Un objet qui n\u2019est pas propos\u00e9 (un cendrier, un porte brosse \u00e0 dents\u2026)\n<br>\n- Tu es un professionnel et tu souhaites un cadeau personnalis\u00e9 pour offrir \u00e0 tes collaborateurs.\n<br>\n- Tu es un professionnel et tu as besoin de pi\u00e8ces utilitaires pour ton entreprise.            <\/div>\n        <\/div>\n                <div class=\"elementskit-single-faq elementor-repeater-item-030828b\">\n            <div class=\"elementskit-faq-header\">\n                <h2 class=\"elementskit-faq-title\">Livraison\u00a0:<\/h2>\n            <\/div>\n            <div class=\"elementskit-faq-body\">\n                - Possibilit\u00e9 en main propre si tu es sur Lyon.<br>\n- Par voie postale avec des frais de port (suivant le poids de ton colis).            <\/div>\n        <\/div>\n                <div class=\"elementskit-single-faq elementor-repeater-item-b366831\">\n            <div class=\"elementskit-faq-header\">\n                <h2 class=\"elementskit-faq-title\">Commande\u00a0:<\/h2>\n            <\/div>\n            <div class=\"elementskit-faq-body\">\n                - Nous validons ensemble ta commande gr\u00e2ce \u00e0 un mail ou un message via mes r\u00e9seaux\nsociaux.            <\/div>\n        <\/div>\n                \n    <\/div>\t\t\t\t<\/div>\n\t\t\t\t<\/div>\n\t\t\t\t\t<\/div>\n\t\t<\/div>\n\t\t\t\t\t<\/div>\n\t\t<\/section>\n\t\t\t\t<\/div>\n\t\t","protected":false},"excerpt":{"rendered":"<p>Foire aux questions (F.A.Q) Les poteries, peuvent-elles passer au lave-vaisselle et aux micro-ondes\u00a0? &#8211; Oui\u00a0! Elles sont parfaites pour un usage alimentaire et peuvent passer au micro-ondes et lave-vaisselle. Cependant, une pi\u00e8ce artisanal appr\u00e9ciera d\u2019\u00eatre lav\u00e9e \u00e0 la main pour une durabilit\u00e9 optimale. Tes pi\u00e8ces sont uniques\u00a0? &#8211; Oui, chacune de mes pi\u00e8ces sont uniques, [&hellip;]<\/p>\n","protected":false},"author":1,"featured_media":0,"parent":0,"menu_order":0,"comment_status":"closed","ping_status":"closed","template":"","meta":{"footnotes":""},"class_list":["post-288","page","type-page","status-publish","hentry"],"_links":{"self":[{"href":"https:\/\/bonjourlapoterie.com\/index.php\/wp-json\/wp\/v2\/pages\/288","targetHints":{"allow":["GET"]}}],"collection":[{"href":"https:\/\/bonjourlapoterie.com\/index.php\/wp-json\/wp\/v2\/pages"}],"about":[{"href":"https:\/\/bonjourlapoterie.com\/index.php\/wp-json\/wp\/v2\/types\/page"}],"author":[{"embeddable":true,"href":"https:\/\/bonjourlapoterie.com\/index.php\/wp-json\/wp\/v2\/users\/1"}],"replies":[{"embeddable":true,"href":"https:\/\/bonjourlapoterie.com\/index.php\/wp-json\/wp\/v2\/comments?post=288"}],"version-history":[{"count":19,"href":"https:\/\/bonjourlapoterie.com\/index.php\/wp-json\/wp\/v2\/pages\/288\/revisions"}],"predecessor-version":[{"id":437,"href":"https:\/\/bonjourlapoterie.com\/index.php\/wp-json\/wp\/v2\/pages\/288\/revisions\/437"}],"wp:attachment":[{"href":"https:\/\/bonjourlapoterie.com\/index.php\/wp-json\/wp\/v2\/media?parent=288"}],"curies":[{"name":"wp","href":"https:\/\/api.w.org\/{rel}","templated":true}]}}